{"id":3018,"date":"2025-01-13T12:37:27","date_gmt":"2025-01-13T11:37:27","guid":{"rendered":"https:\/\/dtkmedicalcenter.hu\/?page_id=3018"},"modified":"2025-01-15T15:29:22","modified_gmt":"2025-01-15T14:29:22","slug":"dental-services","status":"publish","type":"page","link":"https:\/\/dtkmedicalcenter.hu\/en\/dental-services\/","title":{"rendered":"Dental services"},"content":{"rendered":"\t\t<div data-elementor-type=\"wp-page\" data-elementor-id=\"3018\" class=\"elementor elementor-3018\" data-elementor-post-type=\"page\">\n\t\t\t\t<div class=\"elementor-element elementor-element-576aaf2 e-flex e-con-boxed e-con e-parent\" data-id=\"576aaf2\" data-element_type=\"container\">\n\t\t\t\t\t<div class=\"e-con-inner\">\n\t\t\t\t<div class=\"elementor-element elementor-element-99f435e elementor-widget elementor-widget-wd_text_block\" data-id=\"99f435e\" data-element_type=\"widget\" data-widget_type=\"wd_text_block.default\">\n\t\t\t\t<div class=\"elementor-widget-container\">\n\t\t\t\t\t\t\t\t<link rel=\"stylesheet\" id=\"wd-text-block-css\" href=\"https:\/\/dtkmedicalcenter.hu\/wp-content\/themes\/woodmart\/css\/parts\/el-text-block.min.css?ver=7.1.4\" type=\"text\/css\" media=\"all\" \/> \t\t\t\t\t<div class=\"wd-text-block reset-last-child text-left\">\n\t\t\t\n\t\t\t<div style=\"border: 2px solid #2196F3; border-radius: 10px; padding: 20px; background-color: #f9f9f9; max-width: 800px; margin: 20px auto; font-family: Arial, sans-serif; line-height: 1.6;\"><h1 style=\"color: #2196f3; text-align: center;\">Our Dental Services<\/h1><p style=\"text-align: center;\">Discover the secret to a radiant smile with our professional dental care in Budapest's 8th district! Exceptional treatments, pain-free solutions, and personalized care for the perfect smile!<\/p><h2 style=\"color: #1976d2; margin-top: 30px;\">Description of the Image<\/h2><h3 style=\"color: #1565c0; margin-top: 20px;\">Diagnostics<\/h3><p>Through diagnostic procedures, we gain a clear understanding of the patient's dental condition. Our services include detailed consultations, personalized treatment plans, and various types of X-rays, such as bitewing and digital panoramic X-rays.<\/p><p>At our clinic, we use modern digital X-ray equipment that minimizes radiation exposure while providing detailed images of teeth, jawbones, and surrounding tissues. Bitewing X-rays allow detailed examination of individual teeth, while digital panoramic X-rays offer a comprehensive view of the oral cavity, aiding in identifying and treating complex dental issues.<\/p><h3 style=\"color: #1565c0; margin-top: 20px;\">Cosmetic Treatments<\/h3><p>The goal of cosmetic treatments is to improve the appearance of teeth, including in-office and at-home teeth whitening, placement of dental jewelry, and the application of porcelain veneers for the perfect smile.<\/p><p><img fetchpriority=\"high\" decoding=\"async\" class=\"alignnone size-full wp-image-1377\" src=\"https:\/\/dtkmedicalcenter.hu\/wp-content\/uploads\/2024\/10\/pexels-fr3nks-305567-scaled.jpg\" alt=\"\" width=\"2560\" height=\"1707\" srcset=\"https:\/\/dtkmedicalcenter.hu\/wp-content\/uploads\/2024\/10\/pexels-fr3nks-305567-scaled.jpg 2560w, https:\/\/dtkmedicalcenter.hu\/wp-content\/uploads\/2024\/10\/pexels-fr3nks-305567-300x200.jpg 300w, https:\/\/dtkmedicalcenter.hu\/wp-content\/uploads\/2024\/10\/pexels-fr3nks-305567-1024x683.jpg 1024w, https:\/\/dtkmedicalcenter.hu\/wp-content\/uploads\/2024\/10\/pexels-fr3nks-305567-768x512.jpg 768w, https:\/\/dtkmedicalcenter.hu\/wp-content\/uploads\/2024\/10\/pexels-fr3nks-305567-1536x1024.jpg 1536w, https:\/\/dtkmedicalcenter.hu\/wp-content\/uploads\/2024\/10\/pexels-fr3nks-305567-2048x1365.jpg 2048w\" sizes=\"(max-width: 2560px) 100vw, 2560px\" \/><\/p><h3 style=\"color: #1565c0; margin-top: 20px;\">Dental Prosthetics<\/h3><p>Dental prosthetics offer various solutions to replace missing teeth, including metal-ceramic and zirconium crowns, temporary crowns, as well as complete and partial removable dentures.<\/p><h3 style=\"color: #1565c0; margin-top: 20px;\">Conservative Treatments<\/h3><p>Conservative treatments aim to preserve the condition of the teeth. Our services include cervical fillings, edge restorations, temporary fillings, and fissure sealing to prevent further damage.<\/p><h3 style=\"color: #1565c0; margin-top: 20px;\">Root Canal Treatments<\/h3><p>Root canal treatment involves removing infected or damaged tissue from inside the tooth, cleaning and sealing the canals to prevent further infection. We offer root canal treatments for teeth with varying numbers of canals and removal of root canal fillings.<\/p><div id=\"attachment_1197\" style=\"width: 1034px\" class=\"wp-caption alignnone\"><img decoding=\"async\" aria-describedby=\"caption-attachment-1197\" class=\"size-full wp-image-1197\" src=\"https:\/\/dtkmedicalcenter.hu\/wp-content\/uploads\/2024\/09\/fogaszati-ellatas.jpg\" alt=\"\" width=\"1024\" height=\"768\" srcset=\"https:\/\/dtkmedicalcenter.hu\/wp-content\/uploads\/2024\/09\/fogaszati-ellatas.jpg 1024w, https:\/\/dtkmedicalcenter.hu\/wp-content\/uploads\/2024\/09\/fogaszati-ellatas-300x225.jpg 300w, https:\/\/dtkmedicalcenter.hu\/wp-content\/uploads\/2024\/09\/fogaszati-ellatas-768x576.jpg 768w\" sizes=\"(max-width: 1024px) 100vw, 1024px\" \/><p id=\"caption-attachment-1197\" class=\"wp-caption-text\">DTK Medical Center - Fog\u00e1szati ell\u00e1t\u00e1s<\/p><\/div><h3 style=\"color: #1565c0; margin-top: 20px;\">Periodontology<\/h3><p>Periodontal treatments focus on treating and preventing gum diseases. We offer professional oral hygiene treatments, deep cleaning with closed and open curettage, and tooth splinting to improve stability.<\/p><h3 style=\"color: #1565c0; margin-top: 20px;\">Oral Surgery<\/h3><p>Our oral surgery services include tooth extractions, including surgical removal of wisdom teeth, root apex removal, sinus closure, sinus lifts, and cyst removal.<\/p><h3 style=\"color: #1565c0; margin-top: 20px;\">Implantology<\/h3><p>Implantology services provide modern solutions for tooth replacement. We offer dental implant placement, bone grafting, implant uncovering, and gum contouring.<\/p><\/div>\n\t\t\t\t\t<\/div>\n\t\t\t\t\t\t<\/div>\n\t\t\t\t<\/div>\n\t\t\t\t\t<\/div>\n\t\t\t\t<\/div>\n\t\t\t\t<\/div>\n\t\t","protected":false},"excerpt":{"rendered":"<p>Our Dental Services Discover the secret to a radiant smile with our professional dental care in Budapest&#8217;s 8th district! Exceptional<\/p>\n","protected":false},"author":2,"featured_media":0,"parent":0,"menu_order":0,"comment_status":"closed","ping_status":"closed","template":"","meta":{"_acf_changed":false,"footnotes":""},"class_list":["post-3018","page","type-page","status-publish","hentry"],"acf":[],"yoast_head":"<!-- This site is optimized with the Yoast SEO plugin v24.3 - https:\/\/yoast.com\/wordpress\/plugins\/seo\/ -->\n<title>Dental services - DTK Medical<\/title>\n<meta name=\"description\" content=\"Discover our professional dental services, including preventive care, cosmetic dentistry, and more. Book your appointment today and achieve a healthy, beautiful smile.\" \/>\n<meta name=\"robots\" content=\"index, follow, max-snippet:-1, max-image-preview:large, max-video-preview:-1\" \/>\n<link rel=\"canonical\" href=\"https:\/\/dtkmedicalcenter.hu\/en\/dental-services\/\" \/>\n<meta property=\"og:locale\" content=\"en_US\" \/>\n<meta property=\"og:type\" content=\"article\" \/>\n<meta property=\"og:title\" content=\"Dental services - DTK Medical\" \/>\n<meta property=\"og:description\" content=\"Discover our professional dental services, including preventive care, cosmetic dentistry, and more. Book your appointment today and achieve a healthy, beautiful smile.\" \/>\n<meta property=\"og:url\" content=\"https:\/\/dtkmedicalcenter.hu\/en\/dental-services\/\" \/>\n<meta property=\"og:site_name\" content=\"DTK Medical\" \/>\n<meta property=\"article:publisher\" content=\"https:\/\/www.facebook.com\/DentistTravelKft\" \/>\n<meta property=\"article:modified_time\" content=\"2025-01-15T14:29:22+00:00\" \/>\n<meta property=\"og:image\" content=\"https:\/\/dtkmedicalcenter.hu\/wp-content\/uploads\/2024\/10\/pexels-fr3nks-305567-scaled.jpg\" \/>\n<meta name=\"twitter:card\" content=\"summary_large_image\" \/>\n<meta name=\"twitter:label1\" content=\"Est. reading time\" \/>\n\t<meta name=\"twitter:data1\" content=\"3 minutes\" \/>\n<script type=\"application\/ld+json\" class=\"yoast-schema-graph\">{\"@context\":\"https:\/\/schema.org\",\"@graph\":[{\"@type\":\"WebPage\",\"@id\":\"https:\/\/dtkmedicalcenter.hu\/en\/dental-services\/\",\"url\":\"https:\/\/dtkmedicalcenter.hu\/en\/dental-services\/\",\"name\":\"Dental services - DTK Medical\",\"isPartOf\":{\"@id\":\"https:\/\/dtkmedicalcenter.hu\/#website\"},\"primaryImageOfPage\":{\"@id\":\"https:\/\/dtkmedicalcenter.hu\/en\/dental-services\/#primaryimage\"},\"image\":{\"@id\":\"https:\/\/dtkmedicalcenter.hu\/en\/dental-services\/#primaryimage\"},\"thumbnailUrl\":\"https:\/\/dtkmedicalcenter.hu\/wp-content\/uploads\/2024\/10\/pexels-fr3nks-305567-scaled.jpg\",\"datePublished\":\"2025-01-13T11:37:27+00:00\",\"dateModified\":\"2025-01-15T14:29:22+00:00\",\"description\":\"Discover our professional dental services, including preventive care, cosmetic dentistry, and more. Book your appointment today and achieve a healthy, beautiful smile.\",\"breadcrumb\":{\"@id\":\"https:\/\/dtkmedicalcenter.hu\/en\/dental-services\/#breadcrumb\"},\"inLanguage\":\"en-US\",\"potentialAction\":[{\"@type\":\"ReadAction\",\"target\":[\"https:\/\/dtkmedicalcenter.hu\/en\/dental-services\/\"]}]},{\"@type\":\"ImageObject\",\"inLanguage\":\"en-US\",\"@id\":\"https:\/\/dtkmedicalcenter.hu\/en\/dental-services\/#primaryimage\",\"url\":\"https:\/\/dtkmedicalcenter.hu\/wp-content\/uploads\/2024\/10\/pexels-fr3nks-305567-scaled.jpg\",\"contentUrl\":\"https:\/\/dtkmedicalcenter.hu\/wp-content\/uploads\/2024\/10\/pexels-fr3nks-305567-scaled.jpg\"},{\"@type\":\"BreadcrumbList\",\"@id\":\"https:\/\/dtkmedicalcenter.hu\/en\/dental-services\/#breadcrumb\",\"itemListElement\":[{\"@type\":\"ListItem\",\"position\":1,\"name\":\"Kezd\u0151lap\",\"item\":\"https:\/\/dtkmedicalcenter.hu\/en\/\"},{\"@type\":\"ListItem\",\"position\":2,\"name\":\"Dental services\"}]},{\"@type\":\"WebSite\",\"@id\":\"https:\/\/dtkmedicalcenter.hu\/#website\",\"url\":\"https:\/\/dtkmedicalcenter.hu\/\",\"name\":\"DTK Medical\",\"description\":\"\",\"publisher\":{\"@id\":\"https:\/\/dtkmedicalcenter.hu\/#organization\"},\"potentialAction\":[{\"@type\":\"SearchAction\",\"target\":{\"@type\":\"EntryPoint\",\"urlTemplate\":\"https:\/\/dtkmedicalcenter.hu\/?s={search_term_string}\"},\"query-input\":{\"@type\":\"PropertyValueSpecification\",\"valueRequired\":true,\"valueName\":\"search_term_string\"}}],\"inLanguage\":\"en-US\"},{\"@type\":\"Organization\",\"@id\":\"https:\/\/dtkmedicalcenter.hu\/#organization\",\"name\":\"DTK Medical\",\"url\":\"https:\/\/dtkmedicalcenter.hu\/\",\"logo\":{\"@type\":\"ImageObject\",\"inLanguage\":\"en-US\",\"@id\":\"https:\/\/dtkmedicalcenter.hu\/#\/schema\/logo\/image\/\",\"url\":\"https:\/\/dtkmedicalcenter.hu\/wp-content\/uploads\/2024\/04\/dtk_icon.jpg\",\"contentUrl\":\"https:\/\/dtkmedicalcenter.hu\/wp-content\/uploads\/2024\/04\/dtk_icon.jpg\",\"width\":141,\"height\":140,\"caption\":\"DTK Medical\"},\"image\":{\"@id\":\"https:\/\/dtkmedicalcenter.hu\/#\/schema\/logo\/image\/\"},\"sameAs\":[\"https:\/\/www.facebook.com\/DentistTravelKft\"]}]}<\/script>\n<!-- \/ Yoast SEO plugin. -->","yoast_head_json":{"title":"Dental services - DTK Medical","description":"Discover our professional dental services, including preventive care, cosmetic dentistry, and more. Book your appointment today and achieve a healthy, beautiful smile.","robots":{"index":"index","follow":"follow","max-snippet":"max-snippet:-1","max-image-preview":"max-image-preview:large","max-video-preview":"max-video-preview:-1"},"canonical":"https:\/\/dtkmedicalcenter.hu\/en\/dental-services\/","og_locale":"en_US","og_type":"article","og_title":"Dental services - DTK Medical","og_description":"Discover our professional dental services, including preventive care, cosmetic dentistry, and more. Book your appointment today and achieve a healthy, beautiful smile.","og_url":"https:\/\/dtkmedicalcenter.hu\/en\/dental-services\/","og_site_name":"DTK Medical","article_publisher":"https:\/\/www.facebook.com\/DentistTravelKft","article_modified_time":"2025-01-15T14:29:22+00:00","og_image":[{"url":"https:\/\/dtkmedicalcenter.hu\/wp-content\/uploads\/2024\/10\/pexels-fr3nks-305567-scaled.jpg","type":"","width":"","height":""}],"twitter_card":"summary_large_image","twitter_misc":{"Est. reading time":"3 minutes"},"schema":{"@context":"https:\/\/schema.org","@graph":[{"@type":"WebPage","@id":"https:\/\/dtkmedicalcenter.hu\/en\/dental-services\/","url":"https:\/\/dtkmedicalcenter.hu\/en\/dental-services\/","name":"Dental services - DTK Medical","isPartOf":{"@id":"https:\/\/dtkmedicalcenter.hu\/#website"},"primaryImageOfPage":{"@id":"https:\/\/dtkmedicalcenter.hu\/en\/dental-services\/#primaryimage"},"image":{"@id":"https:\/\/dtkmedicalcenter.hu\/en\/dental-services\/#primaryimage"},"thumbnailUrl":"https:\/\/dtkmedicalcenter.hu\/wp-content\/uploads\/2024\/10\/pexels-fr3nks-305567-scaled.jpg","datePublished":"2025-01-13T11:37:27+00:00","dateModified":"2025-01-15T14:29:22+00:00","description":"Discover our professional dental services, including preventive care, cosmetic dentistry, and more. Book your appointment today and achieve a healthy, beautiful smile.","breadcrumb":{"@id":"https:\/\/dtkmedicalcenter.hu\/en\/dental-services\/#breadcrumb"},"inLanguage":"en-US","potentialAction":[{"@type":"ReadAction","target":["https:\/\/dtkmedicalcenter.hu\/en\/dental-services\/"]}]},{"@type":"ImageObject","inLanguage":"en-US","@id":"https:\/\/dtkmedicalcenter.hu\/en\/dental-services\/#primaryimage","url":"https:\/\/dtkmedicalcenter.hu\/wp-content\/uploads\/2024\/10\/pexels-fr3nks-305567-scaled.jpg","contentUrl":"https:\/\/dtkmedicalcenter.hu\/wp-content\/uploads\/2024\/10\/pexels-fr3nks-305567-scaled.jpg"},{"@type":"BreadcrumbList","@id":"https:\/\/dtkmedicalcenter.hu\/en\/dental-services\/#breadcrumb","itemListElement":[{"@type":"ListItem","position":1,"name":"Kezd\u0151lap","item":"https:\/\/dtkmedicalcenter.hu\/en\/"},{"@type":"ListItem","position":2,"name":"Dental services"}]},{"@type":"WebSite","@id":"https:\/\/dtkmedicalcenter.hu\/#website","url":"https:\/\/dtkmedicalcenter.hu\/","name":"DTK Medical","description":"","publisher":{"@id":"https:\/\/dtkmedicalcenter.hu\/#organization"},"potentialAction":[{"@type":"SearchAction","target":{"@type":"EntryPoint","urlTemplate":"https:\/\/dtkmedicalcenter.hu\/?s={search_term_string}"},"query-input":{"@type":"PropertyValueSpecification","valueRequired":true,"valueName":"search_term_string"}}],"inLanguage":"en-US"},{"@type":"Organization","@id":"https:\/\/dtkmedicalcenter.hu\/#organization","name":"DTK Medical","url":"https:\/\/dtkmedicalcenter.hu\/","logo":{"@type":"ImageObject","inLanguage":"en-US","@id":"https:\/\/dtkmedicalcenter.hu\/#\/schema\/logo\/image\/","url":"https:\/\/dtkmedicalcenter.hu\/wp-content\/uploads\/2024\/04\/dtk_icon.jpg","contentUrl":"https:\/\/dtkmedicalcenter.hu\/wp-content\/uploads\/2024\/04\/dtk_icon.jpg","width":141,"height":140,"caption":"DTK Medical"},"image":{"@id":"https:\/\/dtkmedicalcenter.hu\/#\/schema\/logo\/image\/"},"sameAs":["https:\/\/www.facebook.com\/DentistTravelKft"]}]}},"_links":{"self":[{"href":"https:\/\/dtkmedicalcenter.hu\/en\/wp-json\/wp\/v2\/pages\/3018","targetHints":{"allow":["GET"]}}],"collection":[{"href":"https:\/\/dtkmedicalcenter.hu\/en\/wp-json\/wp\/v2\/pages"}],"about":[{"href":"https:\/\/dtkmedicalcenter.hu\/en\/wp-json\/wp\/v2\/types\/page"}],"author":[{"embeddable":true,"href":"https:\/\/dtkmedicalcenter.hu\/en\/wp-json\/wp\/v2\/users\/2"}],"replies":[{"embeddable":true,"href":"https:\/\/dtkmedicalcenter.hu\/en\/wp-json\/wp\/v2\/comments?post=3018"}],"version-history":[{"count":17,"href":"https:\/\/dtkmedicalcenter.hu\/en\/wp-json\/wp\/v2\/pages\/3018\/revisions"}],"predecessor-version":[{"id":3155,"href":"https:\/\/dtkmedicalcenter.hu\/en\/wp-json\/wp\/v2\/pages\/3018\/revisions\/3155"}],"wp:attachment":[{"href":"https:\/\/dtkmedicalcenter.hu\/en\/wp-json\/wp\/v2\/media?parent=3018"}],"curies":[{"name":"wp","href":"https:\/\/api.w.org\/{rel}","templated":true}]}}