{"id":2944,"date":"2025-01-08T15:37:41","date_gmt":"2025-01-08T14:37:41","guid":{"rendered":"https:\/\/dtkmedicalcenter.hu\/?page_id=2944"},"modified":"2025-01-08T15:43:57","modified_gmt":"2025-01-08T14:43:57","slug":"our-team","status":"publish","type":"page","link":"https:\/\/dtkmedicalcenter.hu\/en\/our-team\/","title":{"rendered":"Our team"},"content":{"rendered":"\t\t<div data-elementor-type=\"wp-page\" data-elementor-id=\"2944\" class=\"elementor elementor-2944\" data-elementor-post-type=\"page\">\n\t\t\t\t<div class=\"elementor-element elementor-element-edce973 e-con-full wd-section-stretch e-flex e-con e-parent\" data-id=\"edce973\" data-element_type=\"container\" data-settings=\"{&quot;background_background&quot;:&quot;classic&quot;}\">\n\t\t\t\t<div class=\"elementor-element elementor-element-a5aa57c elementor-widget elementor-widget-heading\" data-id=\"a5aa57c\" data-element_type=\"widget\" data-widget_type=\"heading.default\">\n\t\t\t\t<div class=\"elementor-widget-container\">\n\t\t\t\t\t<h1 class=\"elementor-heading-title elementor-size-default\">DTK MEDICAL CENTER<\/h1>\t\t\t\t<\/div>\n\t\t\t\t<\/div>\n\t\t\t\t<div class=\"elementor-element elementor-element-136026b elementor-widget elementor-widget-heading\" data-id=\"136026b\" data-element_type=\"widget\" data-widget_type=\"heading.default\">\n\t\t\t\t<div class=\"elementor-widget-container\">\n\t\t\t\t\t<h3 class=\"elementor-heading-title elementor-size-default\">Our Team<\/h3>\t\t\t\t<\/div>\n\t\t\t\t<\/div>\n\t\t\t\t<\/div>\n\t\t<div class=\"elementor-element elementor-element-ca7f3af e-flex e-con-boxed e-con e-parent\" data-id=\"ca7f3af\" data-element_type=\"container\">\n\t\t\t\t\t<div class=\"e-con-inner\">\n\t\t\t\t<div class=\"elementor-element elementor-element-44e8e32 elementor-widget elementor-widget-html\" data-id=\"44e8e32\" data-element_type=\"widget\" data-widget_type=\"html.default\">\n\t\t\t\t<div class=\"elementor-widget-container\">\n\t\t\t\t\t<!-- Bootstrap CSS -->\r\n\r\n<style>\r\n    body {\r\n        font-family: Arial, sans-serif;\r\n        background-color: #f8f9fa; \/* Vil\u00e1gos h\u00e1tt\u00e9r a weboldalnak *\/\r\n    }\r\n    .card {\r\n        border: 1px solid #ddd; \/* Szeg\u00e9ly *\/\r\n        border-radius: 10px; \/* Lekerek\u00edtett sarkok *\/\r\n        margin: 20px; \/* Marg\u00f3 a k\u00e1rty\u00e1k k\u00f6z\u00f6tt *\/\r\n        transition: transform 0.3s; \/* Anim\u00e1ci\u00f3 a hover \u00e1llapothoz *\/\r\n    }\r\n    .card:hover {\r\n        transform: scale(1.05); \/* Kicsit nagyobb lesz hoverre *\/\r\n    }\r\n    .card img {\r\n        border-radius: 50%; \/* K\u00f6r alak\u00fa k\u00e9p *\/\r\n        width: 150px; \/* K\u00e9p sz\u00e9less\u00e9ge *\/\r\n        height: 150px; \/* K\u00e9p magass\u00e1ga *\/\r\n        margin: 20px auto; \/* K\u00f6z\u00e9pre igaz\u00edt\u00e1s *\/\r\n    }\r\n    .card-title {\r\n        color: #3DB42E; \/* Vil\u00e1gosz\u00f6ld sz\u00edn az orvosok nev\u00e9hez *\/\r\n    }\r\n<\/style>\r\n\r\n<h2 class=\"text-center\">Our Team<\/h2>\r\n<div class=\"container\">\r\n<div class=\"row\">\r\n\r\n<!-- Munkat\u00e1rs 1 -->\r\n<div class=\"col-md-4 col-sm-6\">\r\n<div class=\"card text-center\"><a href=\"https:\/\/dtkmedicalcenter.hu\/dr-aweiti-mahmoud\/\">\r\n<img decoding=\"async\" src=\"https:\/\/dtkmedicalcenter.hu\/wp-content\/uploads\/2024\/09\/Dr-Aweiti-Mahmoud.jpg\" alt=\"Munkat\u00e1rs 1 fot\u00f3\" \/><\/a>\r\n<div class=\"card-body\">\r\n<h5 class=\"card-title\">Dr Aweiti Mahmoud<\/h5>\r\n<p class=\"card-text\">Dentist<\/p>\r\n<\/div>\r\n&nbsp;\r\n<\/div>\r\n<\/div>\r\n\r\n<!-- Munkat\u00e1rs 2 -->\r\n<div class=\"col-md-4 col-sm-6\">\r\n<div class=\"card text-center\"><a href=\"https:\/\/dtkmedicalcenter.hu\/nagy-kincso\/\">\r\n<img decoding=\"async\" src=\"https:\/\/dtkmedicalcenter.hu\/wp-content\/uploads\/2024\/09\/nagy-kincso.jpg\" alt=\"Munkat\u00e1rs 2 fot\u00f3\" \/><\/a>\r\n<div class=\"card-body\">\r\n<h5 class=\"card-title\">Nagy Kincs\u0151<\/h5>\r\n<p class=\"card-text\">Dental hygienist, Dental assistants<\/p>\r\n<\/div>\r\n&nbsp;\r\n<\/div>\r\n<\/div>\r\n\r\n<!-- Munkat\u00e1rs 3 -->\r\n<div class=\"col-md-4 col-sm-6\">\r\n<div class=\"card text-center\"><a href=\"https:\/\/dtkmedicalcenter.hu\/dr-volford-kinga\/\">\r\n<img decoding=\"async\" src=\"https:\/\/dtkmedicalcenter.hu\/wp-content\/uploads\/2024\/09\/dr-volford-kinga.jpg\" alt=\"Munkat\u00e1rs 3 fot\u00f3\" \/><\/a>\r\n<div class=\"card-body\">\r\n<h5 class=\"card-title\">Dr Volford Kinga<\/h5>\r\n<p class=\"card-text\">Dentist<\/p>\r\n<\/div>\r\n&nbsp;\r\n<\/div>\r\n<\/div>\r\n\r\n<!-- Munkat\u00e1rs 4 - Hern\u00e1di D\u00f3ra -->\r\n<div class=\"col-md-4 col-sm-6\">\r\n<div class=\"card text-center\"><a href=\"https:\/\/dtkmedicalcenter.hu\/?page_id=2390&preview=true\">\r\n<img decoding=\"async\" src=\"https:\/\/dtkmedicalcenter.hu\/wp-content\/uploads\/2024\/10\/female-296989_1280.png\" alt=\"Munkat\u00e1rs 4 fot\u00f3\" \/><\/a>\r\n<div class=\"card-body\">\r\n<h5 class=\"card-title\">Hern\u00e1di D\u00f3ra<\/h5>\r\n<p class=\"card-text\">Assistant, Phlebotomy Specialist<\/p>\r\n<\/div>\r\n&nbsp;\r\n<\/div>\r\n<\/div>\r\n\r\n<!-- Munkat\u00e1rs 5 - Dr. Habib Alhaj -->\r\n<div class=\"col-md-4 col-sm-6\">\r\n<div class=\"card text-center\"><a href=\"https:\/\/dtkmedicalcenter.hu\/dr-habib-alhaj\/\">\r\n<img decoding=\"async\" src=\"https:\/\/dtkmedicalcenter.hu\/wp-content\/uploads\/2024\/10\/avatar-2092113_1280.png\" alt=\"Munkat\u00e1rs 5 fot\u00f3\" \/><\/a>\r\n<div class=\"card-body\">\r\n<h5 class=\"card-title\">Dr. Habib Alhaj<\/h5>\r\n<p class=\"card-text\">Radiologist, Ultrasound specialists<\/p>\r\n<\/div>\r\n&nbsp;\r\n<\/div>\r\n<\/div>\r\n\r\n<\/div>\r\n<\/div>\r\n\r\n<!-- Bootstrap JS -->\r\n<script src=\"https:\/\/code.jquery.com\/jquery-3.5.1.slim.min.js\"><\/script>\r\n<script src=\"https:\/\/cdn.jsdelivr.net\/npm\/@popperjs\/core@2.10.2\/dist\/umd\/popper.min.js\"><\/script>\r\n<script src=\"https:\/\/stackpath.bootstrapcdn.com\/bootstrap\/4.5.2\/js\/bootstrap.min.js\"><\/script>\r\n\t\t\t\t<\/div>\n\t\t\t\t<\/div>\n\t\t\t\t\t<\/div>\n\t\t\t\t<\/div>\n\t\t\t\t<\/div>\n\t\t","protected":false},"excerpt":{"rendered":"<p>DTK MEDICAL CENTER Our Team Our Team Dr Aweiti Mahmoud Dentist &nbsp; Nagy Kincs\u0151 Dental hygienist, Dental assistants &nbsp; Dr<\/p>\n","protected":false},"author":2,"featured_media":0,"parent":0,"menu_order":0,"comment_status":"closed","ping_status":"closed","template":"","meta":{"_acf_changed":false,"footnotes":""},"class_list":["post-2944","page","type-page","status-publish","hentry"],"acf":[],"yoast_head":"<!-- This site is optimized with the Yoast SEO plugin v24.3 - https:\/\/yoast.com\/wordpress\/plugins\/seo\/ -->\n<title>Our team - DTK Medical<\/title>\n<meta name=\"robots\" content=\"index, follow, max-snippet:-1, max-image-preview:large, max-video-preview:-1\" \/>\n<link rel=\"canonical\" href=\"https:\/\/dtkmedicalcenter.hu\/en\/our-team\/\" \/>\n<meta property=\"og:locale\" content=\"en_US\" \/>\n<meta property=\"og:type\" content=\"article\" \/>\n<meta property=\"og:title\" content=\"Our team - DTK Medical\" \/>\n<meta property=\"og:description\" content=\"DTK MEDICAL CENTER Our Team Our Team Dr Aweiti Mahmoud Dentist &nbsp; Nagy Kincs\u0151 Dental hygienist, Dental assistants &nbsp; Dr\" \/>\n<meta property=\"og:url\" content=\"https:\/\/dtkmedicalcenter.hu\/en\/our-team\/\" \/>\n<meta property=\"og:site_name\" content=\"DTK Medical\" \/>\n<meta property=\"article:publisher\" content=\"https:\/\/www.facebook.com\/DentistTravelKft\" \/>\n<meta property=\"article:modified_time\" content=\"2025-01-08T14:43:57+00:00\" \/>\n<meta property=\"og:image\" content=\"https:\/\/dtkmedicalcenter.hu\/wp-content\/uploads\/2024\/09\/Dr-Aweiti-Mahmoud.jpg\" \/>\n<meta name=\"twitter:card\" content=\"summary_large_image\" \/>\n<meta name=\"twitter:label1\" content=\"Est. reading time\" \/>\n\t<meta name=\"twitter:data1\" content=\"2 minutes\" \/>\n<script type=\"application\/ld+json\" class=\"yoast-schema-graph\">{\"@context\":\"https:\/\/schema.org\",\"@graph\":[{\"@type\":\"WebPage\",\"@id\":\"https:\/\/dtkmedicalcenter.hu\/en\/our-team\/\",\"url\":\"https:\/\/dtkmedicalcenter.hu\/en\/our-team\/\",\"name\":\"Our team - DTK Medical\",\"isPartOf\":{\"@id\":\"https:\/\/dtkmedicalcenter.hu\/#website\"},\"primaryImageOfPage\":{\"@id\":\"https:\/\/dtkmedicalcenter.hu\/en\/our-team\/#primaryimage\"},\"image\":{\"@id\":\"https:\/\/dtkmedicalcenter.hu\/en\/our-team\/#primaryimage\"},\"thumbnailUrl\":\"https:\/\/dtkmedicalcenter.hu\/wp-content\/uploads\/2024\/09\/Dr-Aweiti-Mahmoud.jpg\",\"datePublished\":\"2025-01-08T14:37:41+00:00\",\"dateModified\":\"2025-01-08T14:43:57+00:00\",\"breadcrumb\":{\"@id\":\"https:\/\/dtkmedicalcenter.hu\/en\/our-team\/#breadcrumb\"},\"inLanguage\":\"en-US\",\"potentialAction\":[{\"@type\":\"ReadAction\",\"target\":[\"https:\/\/dtkmedicalcenter.hu\/en\/our-team\/\"]}]},{\"@type\":\"ImageObject\",\"inLanguage\":\"en-US\",\"@id\":\"https:\/\/dtkmedicalcenter.hu\/en\/our-team\/#primaryimage\",\"url\":\"https:\/\/dtkmedicalcenter.hu\/wp-content\/uploads\/2024\/09\/Dr-Aweiti-Mahmoud.jpg\",\"contentUrl\":\"https:\/\/dtkmedicalcenter.hu\/wp-content\/uploads\/2024\/09\/Dr-Aweiti-Mahmoud.jpg\"},{\"@type\":\"BreadcrumbList\",\"@id\":\"https:\/\/dtkmedicalcenter.hu\/en\/our-team\/#breadcrumb\",\"itemListElement\":[{\"@type\":\"ListItem\",\"position\":1,\"name\":\"Kezd\u0151lap\",\"item\":\"https:\/\/dtkmedicalcenter.hu\/en\/\"},{\"@type\":\"ListItem\",\"position\":2,\"name\":\"Our team\"}]},{\"@type\":\"WebSite\",\"@id\":\"https:\/\/dtkmedicalcenter.hu\/#website\",\"url\":\"https:\/\/dtkmedicalcenter.hu\/\",\"name\":\"DTK Medical\",\"description\":\"\",\"publisher\":{\"@id\":\"https:\/\/dtkmedicalcenter.hu\/#organization\"},\"potentialAction\":[{\"@type\":\"SearchAction\",\"target\":{\"@type\":\"EntryPoint\",\"urlTemplate\":\"https:\/\/dtkmedicalcenter.hu\/?s={search_term_string}\"},\"query-input\":{\"@type\":\"PropertyValueSpecification\",\"valueRequired\":true,\"valueName\":\"search_term_string\"}}],\"inLanguage\":\"en-US\"},{\"@type\":\"Organization\",\"@id\":\"https:\/\/dtkmedicalcenter.hu\/#organization\",\"name\":\"DTK Medical\",\"url\":\"https:\/\/dtkmedicalcenter.hu\/\",\"logo\":{\"@type\":\"ImageObject\",\"inLanguage\":\"en-US\",\"@id\":\"https:\/\/dtkmedicalcenter.hu\/#\/schema\/logo\/image\/\",\"url\":\"https:\/\/dtkmedicalcenter.hu\/wp-content\/uploads\/2024\/04\/dtk_icon.jpg\",\"contentUrl\":\"https:\/\/dtkmedicalcenter.hu\/wp-content\/uploads\/2024\/04\/dtk_icon.jpg\",\"width\":141,\"height\":140,\"caption\":\"DTK Medical\"},\"image\":{\"@id\":\"https:\/\/dtkmedicalcenter.hu\/#\/schema\/logo\/image\/\"},\"sameAs\":[\"https:\/\/www.facebook.com\/DentistTravelKft\"]}]}<\/script>\n<!-- \/ Yoast SEO plugin. -->","yoast_head_json":{"title":"Our team - DTK Medical","robots":{"index":"index","follow":"follow","max-snippet":"max-snippet:-1","max-image-preview":"max-image-preview:large","max-video-preview":"max-video-preview:-1"},"canonical":"https:\/\/dtkmedicalcenter.hu\/en\/our-team\/","og_locale":"en_US","og_type":"article","og_title":"Our team - DTK Medical","og_description":"DTK MEDICAL CENTER Our Team Our Team Dr Aweiti Mahmoud Dentist &nbsp; Nagy Kincs\u0151 Dental hygienist, Dental assistants &nbsp; Dr","og_url":"https:\/\/dtkmedicalcenter.hu\/en\/our-team\/","og_site_name":"DTK Medical","article_publisher":"https:\/\/www.facebook.com\/DentistTravelKft","article_modified_time":"2025-01-08T14:43:57+00:00","og_image":[{"url":"https:\/\/dtkmedicalcenter.hu\/wp-content\/uploads\/2024\/09\/Dr-Aweiti-Mahmoud.jpg","type":"","width":"","height":""}],"twitter_card":"summary_large_image","twitter_misc":{"Est. reading time":"2 minutes"},"schema":{"@context":"https:\/\/schema.org","@graph":[{"@type":"WebPage","@id":"https:\/\/dtkmedicalcenter.hu\/en\/our-team\/","url":"https:\/\/dtkmedicalcenter.hu\/en\/our-team\/","name":"Our team - DTK Medical","isPartOf":{"@id":"https:\/\/dtkmedicalcenter.hu\/#website"},"primaryImageOfPage":{"@id":"https:\/\/dtkmedicalcenter.hu\/en\/our-team\/#primaryimage"},"image":{"@id":"https:\/\/dtkmedicalcenter.hu\/en\/our-team\/#primaryimage"},"thumbnailUrl":"https:\/\/dtkmedicalcenter.hu\/wp-content\/uploads\/2024\/09\/Dr-Aweiti-Mahmoud.jpg","datePublished":"2025-01-08T14:37:41+00:00","dateModified":"2025-01-08T14:43:57+00:00","breadcrumb":{"@id":"https:\/\/dtkmedicalcenter.hu\/en\/our-team\/#breadcrumb"},"inLanguage":"en-US","potentialAction":[{"@type":"ReadAction","target":["https:\/\/dtkmedicalcenter.hu\/en\/our-team\/"]}]},{"@type":"ImageObject","inLanguage":"en-US","@id":"https:\/\/dtkmedicalcenter.hu\/en\/our-team\/#primaryimage","url":"https:\/\/dtkmedicalcenter.hu\/wp-content\/uploads\/2024\/09\/Dr-Aweiti-Mahmoud.jpg","contentUrl":"https:\/\/dtkmedicalcenter.hu\/wp-content\/uploads\/2024\/09\/Dr-Aweiti-Mahmoud.jpg"},{"@type":"BreadcrumbList","@id":"https:\/\/dtkmedicalcenter.hu\/en\/our-team\/#breadcrumb","itemListElement":[{"@type":"ListItem","position":1,"name":"Kezd\u0151lap","item":"https:\/\/dtkmedicalcenter.hu\/en\/"},{"@type":"ListItem","position":2,"name":"Our team"}]},{"@type":"WebSite","@id":"https:\/\/dtkmedicalcenter.hu\/#website","url":"https:\/\/dtkmedicalcenter.hu\/","name":"DTK Medical","description":"","publisher":{"@id":"https:\/\/dtkmedicalcenter.hu\/#organization"},"potentialAction":[{"@type":"SearchAction","target":{"@type":"EntryPoint","urlTemplate":"https:\/\/dtkmedicalcenter.hu\/?s={search_term_string}"},"query-input":{"@type":"PropertyValueSpecification","valueRequired":true,"valueName":"search_term_string"}}],"inLanguage":"en-US"},{"@type":"Organization","@id":"https:\/\/dtkmedicalcenter.hu\/#organization","name":"DTK Medical","url":"https:\/\/dtkmedicalcenter.hu\/","logo":{"@type":"ImageObject","inLanguage":"en-US","@id":"https:\/\/dtkmedicalcenter.hu\/#\/schema\/logo\/image\/","url":"https:\/\/dtkmedicalcenter.hu\/wp-content\/uploads\/2024\/04\/dtk_icon.jpg","contentUrl":"https:\/\/dtkmedicalcenter.hu\/wp-content\/uploads\/2024\/04\/dtk_icon.jpg","width":141,"height":140,"caption":"DTK Medical"},"image":{"@id":"https:\/\/dtkmedicalcenter.hu\/#\/schema\/logo\/image\/"},"sameAs":["https:\/\/www.facebook.com\/DentistTravelKft"]}]}},"_links":{"self":[{"href":"https:\/\/dtkmedicalcenter.hu\/en\/wp-json\/wp\/v2\/pages\/2944","targetHints":{"allow":["GET"]}}],"collection":[{"href":"https:\/\/dtkmedicalcenter.hu\/en\/wp-json\/wp\/v2\/pages"}],"about":[{"href":"https:\/\/dtkmedicalcenter.hu\/en\/wp-json\/wp\/v2\/types\/page"}],"author":[{"embeddable":true,"href":"https:\/\/dtkmedicalcenter.hu\/en\/wp-json\/wp\/v2\/users\/2"}],"replies":[{"embeddable":true,"href":"https:\/\/dtkmedicalcenter.hu\/en\/wp-json\/wp\/v2\/comments?post=2944"}],"version-history":[{"count":5,"href":"https:\/\/dtkmedicalcenter.hu\/en\/wp-json\/wp\/v2\/pages\/2944\/revisions"}],"predecessor-version":[{"id":2951,"href":"https:\/\/dtkmedicalcenter.hu\/en\/wp-json\/wp\/v2\/pages\/2944\/revisions\/2951"}],"wp:attachment":[{"href":"https:\/\/dtkmedicalcenter.hu\/en\/wp-json\/wp\/v2\/media?parent=2944"}],"curies":[{"name":"wp","href":"https:\/\/api.w.org\/{rel}","templated":true}]}}